{"id":1043,"date":"2019-01-23T14:58:53","date_gmt":"2019-01-23T11:58:53","guid":{"rendered":"https:\/\/farmakon2019.atauni.edu.tr\/?page_id=1043"},"modified":"2019-08-31T20:38:38","modified_gmt":"2019-08-31T17:38:38","slug":"kongre-bilgileri","status":"publish","type":"page","link":"https:\/\/farmakon2019.atauni.edu.tr\/index.php\/kongre-bilgileri\/","title":{"rendered":"Kongre Bilgileri"},"content":{"rendered":"\n<table class=\"wp-block-table\"><tbody><tr><td><strong>KONGRE&nbsp;D\u0130L\u0130<\/strong><\/td><td><strong>KONGRE TAR\u0130H\u0130<\/strong><\/td><\/tr><tr><td>Kongre resmi dili T\u00fcrk\u00e7e\u2019dir.<\/td><td>18-20 EK\u0130M 2019<\/td><\/tr><\/tbody><\/table>\n\n\n\n<p><strong>KONGRE MERKEZ\u0130<\/strong><\/p>\n\n\n\n<figure class=\"wp-block-image\"><img decoding=\"async\" loading=\"lazy\" width=\"768\" height=\"513\" src=\"https:\/\/farmakon2019.atauni.edu.tr\/wp-content\/uploads\/2019\/01\/farkong.jpg\" alt=\"\" class=\"wp-image-1017\" srcset=\"https:\/\/farmakon2019.atauni.edu.tr\/wp-content\/uploads\/2019\/01\/farkong.jpg 768w, https:\/\/farmakon2019.atauni.edu.tr\/wp-content\/uploads\/2019\/01\/farkong-300x200.jpg 300w, https:\/\/farmakon2019.atauni.edu.tr\/wp-content\/uploads\/2019\/01\/farkong-60x40.jpg 60w, https:\/\/farmakon2019.atauni.edu.tr\/wp-content\/uploads\/2019\/01\/farkong-700x468.jpg 700w\" sizes=\"(max-width: 768px) 100vw, 768px\" \/><\/figure>\n\n\n\n<p><strong>ATAT\u00dcRK \u00dcN\u0130VERS\u0130TES\u0130 NENE HATUN K\u00dcLT\u00dcR MERKEZ\u0130<\/strong><\/p>\n\n\n\n<p><strong>KATILIM SERT\u0130F\u0130KASI<\/strong><\/p>\n\n\n\n<p>Kongreye kat\u0131lan kat\u0131l\u0131mc\u0131lara kat\u0131l\u0131m sertifikas\u0131 19 Ekim 2019 tarihinden itibaren kongre merkezinde kurulacak olan masalar arac\u0131l\u0131\u011f\u0131 ile verilecektir. <\/p>\n\n\n\n<p><strong>YAKA KARTI<\/strong><br>Kongreye kat\u0131lan kat\u0131l\u0131mc\u0131lara, yaka kart\u0131 kay\u0131t masalar\u0131ndan verilecektir.<\/p>\n\n\n\n<p>Yaka kart\u0131 olmayan kat\u0131l\u0131mc\u0131lar\u0131n kongreye merkezine giri\u015f imk\u00e2n\u0131 olmayacakt\u0131r.<\/p>\n\n\n\n<p><strong>STAND<\/strong><strong>&nbsp;ALANLARI<\/strong><\/p>\n\n\n\n<p>Kongre boyunca ila\u00e7 end\u00fcstrisi, medikal,kozmetik firmalar\u0131 ve di\u011fer sponsorluk kurulu\u015flar\u0131n\u0131n olu\u015fturacaklar\u0131&nbsp;sergi alan\u0131<\/p>\n\n\n\n<p>18-20 Ekim 2019 tarihlerinde &nbsp;09:00-17:30 &nbsp;saatleri aras\u0131nda a\u00e7\u0131k kalacakt\u0131r.<br><\/p>\n","protected":false},"excerpt":{"rendered":"<p>KONGRE&nbsp;D\u0130L\u0130 KONGRE TAR\u0130H\u0130 Kongre resmi dili T\u00fcrk\u00e7e\u2019dir. 18-20 EK\u0130M 2019 KONGRE MERKEZ\u0130 ATAT\u00dcRK \u00dcN\u0130VERS\u0130TES\u0130 NENE HATUN K\u00dcLT\u00dcR MERKEZ\u0130 KATILIM SERT\u0130F\u0130KASI Kongreye kat\u0131lan kat\u0131l\u0131mc\u0131lara kat\u0131l\u0131m sertifikas\u0131 19 Ekim 2019 tarihinden itibaren&#8230;<\/p>\n","protected":false},"author":1,"featured_media":0,"parent":0,"menu_order":0,"comment_status":"closed","ping_status":"closed","template":"","meta":[],"_links":{"self":[{"href":"https:\/\/farmakon2019.atauni.edu.tr\/index.php\/wp-json\/wp\/v2\/pages\/1043"}],"collection":[{"href":"https:\/\/farmakon2019.atauni.edu.tr\/index.php\/wp-json\/wp\/v2\/pages"}],"about":[{"href":"https:\/\/farmakon2019.atauni.edu.tr\/index.php\/wp-json\/wp\/v2\/types\/page"}],"author":[{"embeddable":true,"href":"https:\/\/farmakon2019.atauni.edu.tr\/index.php\/wp-json\/wp\/v2\/users\/1"}],"replies":[{"embeddable":true,"href":"https:\/\/farmakon2019.atauni.edu.tr\/index.php\/wp-json\/wp\/v2\/comments?post=1043"}],"version-history":[{"count":3,"href":"https:\/\/farmakon2019.atauni.edu.tr\/index.php\/wp-json\/wp\/v2\/pages\/1043\/revisions"}],"predecessor-version":[{"id":1121,"href":"https:\/\/farmakon2019.atauni.edu.tr\/index.php\/wp-json\/wp\/v2\/pages\/1043\/revisions\/1121"}],"wp:attachment":[{"href":"https:\/\/farmakon2019.atauni.edu.tr\/index.php\/wp-json\/wp\/v2\/media?parent=1043"}],"curies":[{"name":"wp","href":"https:\/\/api.w.org\/{rel}","templated":true}]}}