{"id":1053,"date":"2019-01-23T15:16:30","date_gmt":"2019-01-23T12:16:30","guid":{"rendered":"https:\/\/farmakon2019.atauni.edu.tr\/?page_id=1053"},"modified":"2019-08-19T11:26:12","modified_gmt":"2019-08-19T08:26:12","slug":"sosyal-program","status":"publish","type":"page","link":"https:\/\/farmakon2019.atauni.edu.tr\/index.php\/sosyal-program\/","title":{"rendered":"Sosyal Program"},"content":{"rendered":"\n<p>18 Ekim 2019 SOSYAL PROGRAM<\/p>\n\n\n\n<p>Sosyal program sizin tercihlerinizle iki k\u0131s\u0131mdan olu\u015fmaktad\u0131r.<\/p>\n\n\n\n<p>Sosyal program\u0131n 1. k\u0131sm\u0131 kongre kay\u0131t \u00fccretine&nbsp;<strong><em>dahil de\u011fildir.<\/em><\/strong><\/p>\n\n\n\n<p>Sosyal program\u0131n 2. k\u0131sm\u0131&nbsp;kongre kay\u0131t \u00fccretine&nbsp;<strong><em>dahildir.<\/em><\/strong><\/p>\n\n\n\n<p>1. KISIM :<\/p>\n\n\n\n<p>09.00-16.00<\/p>\n\n\n\n<p>2. KISIM : ERZURUM \u015eEH\u0130R GEZ\u0130S\u0130 PROGRAMI<\/p>\n\n\n\n<p>10.00-16:00<\/p>\n\n\n\n<p>1. AZ\u0130Z\u0130YE TABYALARI<\/p>\n\n\n\n<ul class=\"wp-block-gallery columns-2 is-cropped wp-block-gallery-1 is-layout-flex\"><li class=\"blocks-gallery-item\"><figure><img decoding=\"async\" loading=\"lazy\" width=\"300\" height=\"200\" src=\"https:\/\/farmakon2019.atauni.edu.tr\/wp-content\/uploads\/2019\/01\/farham.jpg\" alt=\"\" data-id=\"1054\" data-link=\"https:\/\/farmakon2019.atauni.edu.tr\/?attachment_id=1054\" class=\"wp-image-1054\" srcset=\"https:\/\/farmakon2019.atauni.edu.tr\/wp-content\/uploads\/2019\/01\/farham.jpg 300w, https:\/\/farmakon2019.atauni.edu.tr\/wp-content\/uploads\/2019\/01\/farham-60x40.jpg 60w\" sizes=\"(max-width: 300px) 100vw, 300px\" \/><\/figure><\/li><li class=\"blocks-gallery-item\"><figure><img decoding=\"async\" loading=\"lazy\" width=\"551\" height=\"298\" src=\"https:\/\/farmakon2019.atauni.edu.tr\/wp-content\/uploads\/2019\/01\/farazi.jpg\" alt=\"\" data-id=\"1055\" data-link=\"https:\/\/farmakon2019.atauni.edu.tr\/?attachment_id=1055\" class=\"wp-image-1055\" srcset=\"https:\/\/farmakon2019.atauni.edu.tr\/wp-content\/uploads\/2019\/01\/farazi.jpg 551w, https:\/\/farmakon2019.atauni.edu.tr\/wp-content\/uploads\/2019\/01\/farazi-300x162.jpg 300w, https:\/\/farmakon2019.atauni.edu.tr\/wp-content\/uploads\/2019\/01\/farazi-60x32.jpg 60w\" sizes=\"(max-width: 551px) 100vw, 551px\" \/><\/figure><\/li><\/ul>\n\n\n\n<p>2.&nbsp;ABDURRAHMAN GAZ\u0130 T\u00dcRBES\u0130<\/p>\n\n\n\n<ul class=\"wp-block-gallery columns-1 is-cropped wp-block-gallery-3 is-layout-flex\"><li class=\"blocks-gallery-item\"><figure><img decoding=\"async\" loading=\"lazy\" width=\"280\" height=\"280\" src=\"https:\/\/farmakon2019.atauni.edu.tr\/wp-content\/uploads\/2019\/01\/farabd.jpg\" alt=\"\" data-id=\"1056\" data-link=\"https:\/\/farmakon2019.atauni.edu.tr\/?attachment_id=1056\" class=\"wp-image-1056\" srcset=\"https:\/\/farmakon2019.atauni.edu.tr\/wp-content\/uploads\/2019\/01\/farabd.jpg 280w, https:\/\/farmakon2019.atauni.edu.tr\/wp-content\/uploads\/2019\/01\/farabd-150x150.jpg 150w, https:\/\/farmakon2019.atauni.edu.tr\/wp-content\/uploads\/2019\/01\/farabd-60x60.jpg 60w\" sizes=\"(max-width: 280px) 100vw, 280px\" \/><\/figure><\/li><\/ul>\n\n\n\n<p>3. \u00c7\u0130FTE M\u0130NAREL\u0130 MEDRESE<\/p>\n\n\n\n<ul class=\"wp-block-gallery columns-2 is-cropped wp-block-gallery-5 is-layout-flex\"><li class=\"blocks-gallery-item\"><figure><img decoding=\"async\" loading=\"lazy\" width=\"300\" height=\"286\" src=\"https:\/\/farmakon2019.atauni.edu.tr\/wp-content\/uploads\/2019\/01\/farc\u0327ift.jpg\" alt=\"\" data-id=\"1057\" data-link=\"https:\/\/farmakon2019.atauni.edu.tr\/?attachment_id=1057\" class=\"wp-image-1057\" srcset=\"https:\/\/farmakon2019.atauni.edu.tr\/wp-content\/uploads\/2019\/01\/farc\u0327ift.jpg 300w, https:\/\/farmakon2019.atauni.edu.tr\/wp-content\/uploads\/2019\/01\/farc\u0327ift-60x57.jpg 60w\" sizes=\"(max-width: 300px) 100vw, 300px\" \/><\/figure><\/li><li class=\"blocks-gallery-item\"><figure><img decoding=\"async\" loading=\"lazy\" width=\"768\" height=\"553\" src=\"https:\/\/farmakon2019.atauni.edu.tr\/wp-content\/uploads\/2019\/01\/farc\u0327ift2.jpg\" alt=\"\" data-id=\"1058\" data-link=\"https:\/\/farmakon2019.atauni.edu.tr\/?attachment_id=1058\" class=\"wp-image-1058\" srcset=\"https:\/\/farmakon2019.atauni.edu.tr\/wp-content\/uploads\/2019\/01\/farc\u0327ift2.jpg 768w, https:\/\/farmakon2019.atauni.edu.tr\/wp-content\/uploads\/2019\/01\/farc\u0327ift2-300x216.jpg 300w, https:\/\/farmakon2019.atauni.edu.tr\/wp-content\/uploads\/2019\/01\/farc\u0327ift2-60x43.jpg 60w, https:\/\/farmakon2019.atauni.edu.tr\/wp-content\/uploads\/2019\/01\/farc\u0327ift2-700x504.jpg 700w\" sizes=\"(max-width: 768px) 100vw, 768px\" \/><\/figure><\/li><\/ul>\n\n\n\n<p>4. \u00dc\u00c7 K\u00dcMBETLER<\/p>\n\n\n\n<ul class=\"wp-block-gallery columns-2 is-cropped wp-block-gallery-7 is-layout-flex\"><li class=\"blocks-gallery-item\"><figure><img decoding=\"async\" loading=\"lazy\" width=\"750\" height=\"461\" src=\"https:\/\/farmakon2019.atauni.edu.tr\/wp-content\/uploads\/2019\/01\/faru\u0308c\u0327.jpg\" alt=\"\" data-id=\"1059\" data-link=\"https:\/\/farmakon2019.atauni.edu.tr\/?attachment_id=1059\" class=\"wp-image-1059\" srcset=\"https:\/\/farmakon2019.atauni.edu.tr\/wp-content\/uploads\/2019\/01\/faru\u0308c\u0327.jpg 750w, https:\/\/farmakon2019.atauni.edu.tr\/wp-content\/uploads\/2019\/01\/faru\u0308c\u0327-300x184.jpg 300w, https:\/\/farmakon2019.atauni.edu.tr\/wp-content\/uploads\/2019\/01\/faru\u0308c\u0327-60x37.jpg 60w, https:\/\/farmakon2019.atauni.edu.tr\/wp-content\/uploads\/2019\/01\/faru\u0308c\u0327-700x430.jpg 700w\" sizes=\"(max-width: 750px) 100vw, 750px\" \/><\/figure><\/li><li class=\"blocks-gallery-item\"><figure><img decoding=\"async\" loading=\"lazy\" width=\"300\" height=\"230\" src=\"https:\/\/farmakon2019.atauni.edu.tr\/wp-content\/uploads\/2019\/01\/faru\u0308c\u03272.jpg\" alt=\"\" data-id=\"1060\" data-link=\"https:\/\/farmakon2019.atauni.edu.tr\/?attachment_id=1060\" class=\"wp-image-1060\" srcset=\"https:\/\/farmakon2019.atauni.edu.tr\/wp-content\/uploads\/2019\/01\/faru\u0308c\u03272.jpg 300w, https:\/\/farmakon2019.atauni.edu.tr\/wp-content\/uploads\/2019\/01\/faru\u0308c\u03272-60x46.jpg 60w\" sizes=\"(max-width: 300px) 100vw, 300px\" \/><\/figure><\/li><\/ul>\n\n\n\n<p>5. TEBR\u0130ZKAPI K\u00dcLT\u00dcR VE SANAT \u00c7AR\u015eISI<\/p>\n\n\n\n<ul class=\"wp-block-gallery columns-2 is-cropped wp-block-gallery-9 is-layout-flex\"><li class=\"blocks-gallery-item\"><figure><img decoding=\"async\" loading=\"lazy\" width=\"252\" height=\"300\" src=\"https:\/\/farmakon2019.atauni.edu.tr\/wp-content\/uploads\/2019\/01\/farteb.jpg\" alt=\"\" data-id=\"1061\" data-link=\"https:\/\/farmakon2019.atauni.edu.tr\/?attachment_id=1061\" class=\"wp-image-1061\" srcset=\"https:\/\/farmakon2019.atauni.edu.tr\/wp-content\/uploads\/2019\/01\/farteb.jpg 252w, https:\/\/farmakon2019.atauni.edu.tr\/wp-content\/uploads\/2019\/01\/farteb-50x60.jpg 50w\" sizes=\"(max-width: 252px) 100vw, 252px\" \/><\/figure><\/li><li class=\"blocks-gallery-item\"><figure><img decoding=\"async\" loading=\"lazy\" width=\"505\" height=\"358\" src=\"https:\/\/farmakon2019.atauni.edu.tr\/wp-content\/uploads\/2019\/01\/farteb2.jpg\" alt=\"\" data-id=\"1062\" data-link=\"https:\/\/farmakon2019.atauni.edu.tr\/?attachment_id=1062\" class=\"wp-image-1062\" srcset=\"https:\/\/farmakon2019.atauni.edu.tr\/wp-content\/uploads\/2019\/01\/farteb2.jpg 505w, https:\/\/farmakon2019.atauni.edu.tr\/wp-content\/uploads\/2019\/01\/farteb2-300x213.jpg 300w, https:\/\/farmakon2019.atauni.edu.tr\/wp-content\/uploads\/2019\/01\/farteb2-60x43.jpg 60w\" sizes=\"(max-width: 505px) 100vw, 505px\" \/><\/figure><\/li><\/ul>\n\n\n\n<p>6. ULU CAM\u0130<\/p>\n\n\n\n<ul class=\"wp-block-gallery columns-1 is-cropped wp-block-gallery-11 is-layout-flex\"><li class=\"blocks-gallery-item\"><figure><img decoding=\"async\" loading=\"lazy\" width=\"768\" height=\"432\" src=\"https:\/\/farmakon2019.atauni.edu.tr\/wp-content\/uploads\/2019\/01\/farulu.jpg\" alt=\"\" data-id=\"1063\" data-link=\"https:\/\/farmakon2019.atauni.edu.tr\/?attachment_id=1063\" class=\"wp-image-1063\" srcset=\"https:\/\/farmakon2019.atauni.edu.tr\/wp-content\/uploads\/2019\/01\/farulu.jpg 768w, https:\/\/farmakon2019.atauni.edu.tr\/wp-content\/uploads\/2019\/01\/farulu-300x169.jpg 300w, https:\/\/farmakon2019.atauni.edu.tr\/wp-content\/uploads\/2019\/01\/farulu-60x34.jpg 60w, https:\/\/farmakon2019.atauni.edu.tr\/wp-content\/uploads\/2019\/01\/farulu-700x394.jpg 700w\" sizes=\"(max-width: 768px) 100vw, 768px\" \/><\/figure><\/li><\/ul>\n\n\n\n<p>7. ERZURUM KALES\u0130- &nbsp;SAAT KULES\u0130<\/p>\n\n\n\n<ul class=\"wp-block-gallery columns-2 is-cropped wp-block-gallery-13 is-layout-flex\"><li class=\"blocks-gallery-item\"><figure><img decoding=\"async\" loading=\"lazy\" width=\"300\" height=\"208\" src=\"https:\/\/farmakon2019.atauni.edu.tr\/wp-content\/uploads\/2019\/01\/farsaat.jpg\" alt=\"\" data-id=\"1064\" data-link=\"https:\/\/farmakon2019.atauni.edu.tr\/?attachment_id=1064\" class=\"wp-image-1064\" srcset=\"https:\/\/farmakon2019.atauni.edu.tr\/wp-content\/uploads\/2019\/01\/farsaat.jpg 300w, https:\/\/farmakon2019.atauni.edu.tr\/wp-content\/uploads\/2019\/01\/farsaat-60x42.jpg 60w, https:\/\/farmakon2019.atauni.edu.tr\/wp-content\/uploads\/2019\/01\/farsaat-230x160.jpg 230w\" sizes=\"(max-width: 300px) 100vw, 300px\" \/><\/figure><\/li><li class=\"blocks-gallery-item\"><figure><img decoding=\"async\" loading=\"lazy\" width=\"751\" height=\"294\" src=\"https:\/\/farmakon2019.atauni.edu.tr\/wp-content\/uploads\/2019\/01\/farsaat2.jpg\" alt=\"\" data-id=\"1065\" data-link=\"https:\/\/farmakon2019.atauni.edu.tr\/?attachment_id=1065\" class=\"wp-image-1065\" srcset=\"https:\/\/farmakon2019.atauni.edu.tr\/wp-content\/uploads\/2019\/01\/farsaat2.jpg 751w, https:\/\/farmakon2019.atauni.edu.tr\/wp-content\/uploads\/2019\/01\/farsaat2-300x117.jpg 300w, https:\/\/farmakon2019.atauni.edu.tr\/wp-content\/uploads\/2019\/01\/farsaat2-60x23.jpg 60w, https:\/\/farmakon2019.atauni.edu.tr\/wp-content\/uploads\/2019\/01\/farsaat2-700x274.jpg 700w\" sizes=\"(max-width: 751px) 100vw, 751px\" \/><\/figure><\/li><\/ul>\n\n\n\n<p>8. ESK\u0130 ERZURUM EVLER\u0130<\/p>\n\n\n\n<ul class=\"wp-block-gallery columns-2 is-cropped wp-block-gallery-15 is-layout-flex\"><li class=\"blocks-gallery-item\"><figure><img decoding=\"async\" loading=\"lazy\" width=\"659\" height=\"636\" src=\"https:\/\/farmakon2019.atauni.edu.tr\/wp-content\/uploads\/2019\/01\/farer.jpg\" alt=\"\" data-id=\"1066\" data-link=\"https:\/\/farmakon2019.atauni.edu.tr\/?attachment_id=1066\" class=\"wp-image-1066\" srcset=\"https:\/\/farmakon2019.atauni.edu.tr\/wp-content\/uploads\/2019\/01\/farer.jpg 659w, https:\/\/farmakon2019.atauni.edu.tr\/wp-content\/uploads\/2019\/01\/farer-300x290.jpg 300w, https:\/\/farmakon2019.atauni.edu.tr\/wp-content\/uploads\/2019\/01\/farer-60x58.jpg 60w\" sizes=\"(max-width: 659px) 100vw, 659px\" \/><\/figure><\/li><li class=\"blocks-gallery-item\"><figure><img decoding=\"async\" loading=\"lazy\" width=\"750\" height=\"861\" src=\"https:\/\/farmakon2019.atauni.edu.tr\/wp-content\/uploads\/2019\/01\/farer2.jpg\" alt=\"\" data-id=\"1067\" data-link=\"https:\/\/farmakon2019.atauni.edu.tr\/?attachment_id=1067\" class=\"wp-image-1067\" srcset=\"https:\/\/farmakon2019.atauni.edu.tr\/wp-content\/uploads\/2019\/01\/farer2.jpg 750w, https:\/\/farmakon2019.atauni.edu.tr\/wp-content\/uploads\/2019\/01\/farer2-261x300.jpg 261w, https:\/\/farmakon2019.atauni.edu.tr\/wp-content\/uploads\/2019\/01\/farer2-52x60.jpg 52w, https:\/\/farmakon2019.atauni.edu.tr\/wp-content\/uploads\/2019\/01\/farer2-700x804.jpg 700w\" sizes=\"(max-width: 750px) 100vw, 750px\" \/><\/figure><\/li><\/ul>\n\n\n\n<p>9. YAKUT\u0130YE MEDRESES\u0130<\/p>\n\n\n\n<ul class=\"wp-block-gallery columns-1 is-cropped wp-block-gallery-17 is-layout-flex\"><li class=\"blocks-gallery-item\"><figure><img decoding=\"async\" loading=\"lazy\" width=\"300\" height=\"267\" src=\"https:\/\/farmakon2019.atauni.edu.tr\/wp-content\/uploads\/2019\/01\/faryak.jpg\" alt=\"\" data-id=\"1068\" data-link=\"https:\/\/farmakon2019.atauni.edu.tr\/?attachment_id=1068\" class=\"wp-image-1068\" srcset=\"https:\/\/farmakon2019.atauni.edu.tr\/wp-content\/uploads\/2019\/01\/faryak.jpg 300w, https:\/\/farmakon2019.atauni.edu.tr\/wp-content\/uploads\/2019\/01\/faryak-60x53.jpg 60w\" sizes=\"(max-width: 300px) 100vw, 300px\" \/><\/figure><\/li><\/ul>\n\n\n\n<p>10. LALAPA\u015eA CAM\u0130<\/p>\n\n\n\n<ul class=\"wp-block-gallery columns-1 is-cropped wp-block-gallery-19 is-layout-flex\"><li class=\"blocks-gallery-item\"><figure><img decoding=\"async\" loading=\"lazy\" width=\"750\" height=\"483\" src=\"https:\/\/farmakon2019.atauni.edu.tr\/wp-content\/uploads\/2019\/01\/farlala.jpg\" alt=\"\" data-id=\"1069\" data-link=\"https:\/\/farmakon2019.atauni.edu.tr\/?attachment_id=1069\" class=\"wp-image-1069\" srcset=\"https:\/\/farmakon2019.atauni.edu.tr\/wp-content\/uploads\/2019\/01\/farlala.jpg 750w, https:\/\/farmakon2019.atauni.edu.tr\/wp-content\/uploads\/2019\/01\/farlala-300x193.jpg 300w, https:\/\/farmakon2019.atauni.edu.tr\/wp-content\/uploads\/2019\/01\/farlala-60x39.jpg 60w, https:\/\/farmakon2019.atauni.edu.tr\/wp-content\/uploads\/2019\/01\/farlala-700x451.jpg 700w\" sizes=\"(max-width: 750px) 100vw, 750px\" \/><\/figure><\/li><\/ul>\n\n\n\n<p>11. ATAT\u00dcRK EV\u0130<\/p>\n\n\n\n<ul class=\"wp-block-gallery columns-2 is-cropped wp-block-gallery-21 is-layout-flex\"><li class=\"blocks-gallery-item\"><figure><img decoding=\"async\" loading=\"lazy\" width=\"300\" height=\"204\" src=\"https:\/\/farmakon2019.atauni.edu.tr\/wp-content\/uploads\/2019\/01\/farata.jpg\" alt=\"\" data-id=\"1070\" data-link=\"https:\/\/farmakon2019.atauni.edu.tr\/?attachment_id=1070\" class=\"wp-image-1070\" srcset=\"https:\/\/farmakon2019.atauni.edu.tr\/wp-content\/uploads\/2019\/01\/farata.jpg 300w, https:\/\/farmakon2019.atauni.edu.tr\/wp-content\/uploads\/2019\/01\/farata-60x41.jpg 60w\" sizes=\"(max-width: 300px) 100vw, 300px\" \/><\/figure><\/li><li class=\"blocks-gallery-item\"><figure><img decoding=\"async\" loading=\"lazy\" width=\"750\" height=\"495\" src=\"https:\/\/farmakon2019.atauni.edu.tr\/wp-content\/uploads\/2019\/01\/farata2.jpg\" alt=\"\" data-id=\"1071\" data-link=\"https:\/\/farmakon2019.atauni.edu.tr\/?attachment_id=1071\" class=\"wp-image-1071\" srcset=\"https:\/\/farmakon2019.atauni.edu.tr\/wp-content\/uploads\/2019\/01\/farata2.jpg 750w, https:\/\/farmakon2019.atauni.edu.tr\/wp-content\/uploads\/2019\/01\/farata2-300x198.jpg 300w, https:\/\/farmakon2019.atauni.edu.tr\/wp-content\/uploads\/2019\/01\/farata2-60x40.jpg 60w, https:\/\/farmakon2019.atauni.edu.tr\/wp-content\/uploads\/2019\/01\/farata2-700x462.jpg 700w\" sizes=\"(max-width: 750px) 100vw, 750px\" \/><\/figure><\/li><\/ul>\n\n\n\n<p>12. ERZURUM KONGRE B\u0130NASI<\/p>\n\n\n\n<ul class=\"wp-block-gallery columns-2 is-cropped wp-block-gallery-23 is-layout-flex\"><li class=\"blocks-gallery-item\"><figure><img decoding=\"async\" loading=\"lazy\" width=\"300\" height=\"192\" src=\"https:\/\/farmakon2019.atauni.edu.tr\/wp-content\/uploads\/2019\/01\/erkong.jpg\" alt=\"\" data-id=\"1072\" data-link=\"https:\/\/farmakon2019.atauni.edu.tr\/?attachment_id=1072\" class=\"wp-image-1072\" srcset=\"https:\/\/farmakon2019.atauni.edu.tr\/wp-content\/uploads\/2019\/01\/erkong.jpg 300w, https:\/\/farmakon2019.atauni.edu.tr\/wp-content\/uploads\/2019\/01\/erkong-60x38.jpg 60w\" sizes=\"(max-width: 300px) 100vw, 300px\" \/><\/figure><\/li><li class=\"blocks-gallery-item\"><figure><img decoding=\"async\" loading=\"lazy\" width=\"750\" height=\"374\" src=\"https:\/\/farmakon2019.atauni.edu.tr\/wp-content\/uploads\/2019\/01\/erkong2.jpg\" alt=\"\" data-id=\"1073\" data-link=\"https:\/\/farmakon2019.atauni.edu.tr\/?attachment_id=1073\" class=\"wp-image-1073\" srcset=\"https:\/\/farmakon2019.atauni.edu.tr\/wp-content\/uploads\/2019\/01\/erkong2.jpg 750w, https:\/\/farmakon2019.atauni.edu.tr\/wp-content\/uploads\/2019\/01\/erkong2-300x150.jpg 300w, https:\/\/farmakon2019.atauni.edu.tr\/wp-content\/uploads\/2019\/01\/erkong2-60x30.jpg 60w, https:\/\/farmakon2019.atauni.edu.tr\/wp-content\/uploads\/2019\/01\/erkong2-650x325.jpg 650w, https:\/\/farmakon2019.atauni.edu.tr\/wp-content\/uploads\/2019\/01\/erkong2-700x349.jpg 700w\" sizes=\"(max-width: 750px) 100vw, 750px\" \/><\/figure><\/li><\/ul>\n\n\n\n<p>13. TA\u015eHAN<\/p>\n\n\n\n<ul class=\"wp-block-gallery columns-2 is-cropped wp-block-gallery-25 is-layout-flex\"><li class=\"blocks-gallery-item\"><figure><img decoding=\"async\" loading=\"lazy\" width=\"225\" height=\"300\" src=\"https:\/\/farmakon2019.atauni.edu.tr\/wp-content\/uploads\/2019\/01\/ertas\u0327.jpg\" alt=\"\" data-id=\"1074\" data-link=\"https:\/\/farmakon2019.atauni.edu.tr\/?attachment_id=1074\" class=\"wp-image-1074\" srcset=\"https:\/\/farmakon2019.atauni.edu.tr\/wp-content\/uploads\/2019\/01\/ertas\u0327.jpg 225w, https:\/\/farmakon2019.atauni.edu.tr\/wp-content\/uploads\/2019\/01\/ertas\u0327-45x60.jpg 45w\" sizes=\"(max-width: 225px) 100vw, 225px\" \/><\/figure><\/li><li class=\"blocks-gallery-item\"><figure><img decoding=\"async\" loading=\"lazy\" width=\"768\" height=\"576\" src=\"https:\/\/farmakon2019.atauni.edu.tr\/wp-content\/uploads\/2019\/01\/ertas\u03272.jpg\" alt=\"\" data-id=\"1075\" data-link=\"https:\/\/farmakon2019.atauni.edu.tr\/?attachment_id=1075\" class=\"wp-image-1075\" srcset=\"https:\/\/farmakon2019.atauni.edu.tr\/wp-content\/uploads\/2019\/01\/ertas\u03272.jpg 768w, https:\/\/farmakon2019.atauni.edu.tr\/wp-content\/uploads\/2019\/01\/ertas\u03272-300x225.jpg 300w, https:\/\/farmakon2019.atauni.edu.tr\/wp-content\/uploads\/2019\/01\/ertas\u03272-60x45.jpg 60w, https:\/\/farmakon2019.atauni.edu.tr\/wp-content\/uploads\/2019\/01\/ertas\u03272-700x525.jpg 700w\" sizes=\"(max-width: 768px) 100vw, 768px\" \/><\/figure><\/li><\/ul>\n","protected":false},"excerpt":{"rendered":"<p>18 Ekim 2019 SOSYAL PROGRAM Sosyal program sizin tercihlerinizle iki k\u0131s\u0131mdan olu\u015fmaktad\u0131r. Sosyal program\u0131n 1. k\u0131sm\u0131 kongre kay\u0131t \u00fccretine&nbsp;dahil de\u011fildir. Sosyal program\u0131n 2. k\u0131sm\u0131&nbsp;kongre kay\u0131t \u00fccretine&nbsp;dahildir. 1. KISIM : 09.00-16.00&#8230;<\/p>\n","protected":false},"author":1,"featured_media":0,"parent":0,"menu_order":0,"comment_status":"closed","ping_status":"closed","template":"","meta":[],"_links":{"self":[{"href":"https:\/\/farmakon2019.atauni.edu.tr\/index.php\/wp-json\/wp\/v2\/pages\/1053"}],"collection":[{"href":"https:\/\/farmakon2019.atauni.edu.tr\/index.php\/wp-json\/wp\/v2\/pages"}],"about":[{"href":"https:\/\/farmakon2019.atauni.edu.tr\/index.php\/wp-json\/wp\/v2\/types\/page"}],"author":[{"embeddable":true,"href":"https:\/\/farmakon2019.atauni.edu.tr\/index.php\/wp-json\/wp\/v2\/users\/1"}],"replies":[{"embeddable":true,"href":"https:\/\/farmakon2019.atauni.edu.tr\/index.php\/wp-json\/wp\/v2\/comments?post=1053"}],"version-history":[{"count":2,"href":"https:\/\/farmakon2019.atauni.edu.tr\/index.php\/wp-json\/wp\/v2\/pages\/1053\/revisions"}],"predecessor-version":[{"id":1114,"href":"https:\/\/farmakon2019.atauni.edu.tr\/index.php\/wp-json\/wp\/v2\/pages\/1053\/revisions\/1114"}],"wp:attachment":[{"href":"https:\/\/farmakon2019.atauni.edu.tr\/index.php\/wp-json\/wp\/v2\/media?parent=1053"}],"curies":[{"name":"wp","href":"https:\/\/api.w.org\/{rel}","templated":true}]}}