{"id":1082,"date":"2019-01-23T15:19:34","date_gmt":"2019-01-23T12:19:34","guid":{"rendered":"https:\/\/farmakon2019.atauni.edu.tr\/?page_id=1082"},"modified":"2019-08-31T20:34:41","modified_gmt":"2019-08-31T17:34:41","slug":"odeme-bilgileri","status":"publish","type":"page","link":"https:\/\/farmakon2019.atauni.edu.tr\/index.php\/odeme-bilgileri\/","title":{"rendered":"\u00d6deme Bilgileri"},"content":{"rendered":"\n<p>Kayd\u0131n\u0131z sonras\u0131 otel rezervasyonlar\u0131 bizim taraf\u0131m\u0131zdan yap\u0131lacakt\u0131r.&nbsp;Otellerin \u00fccretleri otele giri\u015f yaparken kat\u0131l\u0131mc\u0131 taraf\u0131ndan \u00f6denecektir. Konaklama yerlerinden otob\u00fcsle transfer i\u015flemleri taraf\u0131m\u0131zca kar\u015f\u0131lanacakt\u0131r.<\/p>\n\n\n\n<p><strong>Konaklamas\u0131z Kat\u0131l\u0131m \u00dccreti<\/strong>&nbsp;: \u00d6\u011fle Yeme\u011fi, Ara ikramlar, A\u00e7\u0131l\u0131\u015f Kokteyli,&nbsp;Gala Yeme\u011fi, Kongre \u00c7antas\u0131, Kongre D\u00f6k\u00fcmanlar\u0131 ve sosyal program dahildir.<\/p>\n\n\n\n<p>Hesap Ad\u0131: ATAT\u00dcRK \u00dcN\u0130VERS\u0130TES\u0130 REKT\u00d6RL\u00dc\u011e\u00dc KUR.<\/p>\n\n\n\n<p><strong>Hesap No:\u00a089374981-5001\u00a0\u00a0\u00a0\u00a0\u00a0\u00a0\u00a0\u00a0\u00a0\u00a0\u00a0\u00a0\u00a0\u00a0\u00a0\u00a0112\u00a0ERZURUM\u00a0\u015eUBES\u0130<\/strong><\/p>\n\n\n\n<p><strong>\u0130BAN No: TR62\u00a00001\u00a00001\u00a01289\u00a03749\u00a08150\u00a001<\/strong><\/p>\n\n\n\n<p>NOT:&nbsp;<strong>Hesap numaras\u0131na sadece konaklamas\u0131z kat\u0131l\u0131m \u00fccreti yat\u0131r\u0131lacakt\u0131r. \u00dccret konusunda fak\u00fclte temsilcinizle irtibat kurunuz.<\/strong><\/p>\n","protected":false},"excerpt":{"rendered":"<p>Kayd\u0131n\u0131z sonras\u0131 otel rezervasyonlar\u0131 bizim taraf\u0131m\u0131zdan yap\u0131lacakt\u0131r.&nbsp;Otellerin \u00fccretleri otele giri\u015f yaparken kat\u0131l\u0131mc\u0131 taraf\u0131ndan \u00f6denecektir. Konaklama yerlerinden otob\u00fcsle transfer i\u015flemleri taraf\u0131m\u0131zca kar\u015f\u0131lanacakt\u0131r. Konaklamas\u0131z Kat\u0131l\u0131m \u00dccreti&nbsp;: \u00d6\u011fle Yeme\u011fi, Ara ikramlar, A\u00e7\u0131l\u0131\u015f Kokteyli,&nbsp;Gala&#8230;<\/p>\n","protected":false},"author":1,"featured_media":0,"parent":0,"menu_order":0,"comment_status":"closed","ping_status":"closed","template":"","meta":[],"_links":{"self":[{"href":"https:\/\/farmakon2019.atauni.edu.tr\/index.php\/wp-json\/wp\/v2\/pages\/1082"}],"collection":[{"href":"https:\/\/farmakon2019.atauni.edu.tr\/index.php\/wp-json\/wp\/v2\/pages"}],"about":[{"href":"https:\/\/farmakon2019.atauni.edu.tr\/index.php\/wp-json\/wp\/v2\/types\/page"}],"author":[{"embeddable":true,"href":"https:\/\/farmakon2019.atauni.edu.tr\/index.php\/wp-json\/wp\/v2\/users\/1"}],"replies":[{"embeddable":true,"href":"https:\/\/farmakon2019.atauni.edu.tr\/index.php\/wp-json\/wp\/v2\/comments?post=1082"}],"version-history":[{"count":4,"href":"https:\/\/farmakon2019.atauni.edu.tr\/index.php\/wp-json\/wp\/v2\/pages\/1082\/revisions"}],"predecessor-version":[{"id":1118,"href":"https:\/\/farmakon2019.atauni.edu.tr\/index.php\/wp-json\/wp\/v2\/pages\/1082\/revisions\/1118"}],"wp:attachment":[{"href":"https:\/\/farmakon2019.atauni.edu.tr\/index.php\/wp-json\/wp\/v2\/media?parent=1082"}],"curies":[{"name":"wp","href":"https:\/\/api.w.org\/{rel}","templated":true}]}}