{"id":1099,"date":"2019-01-23T15:45:40","date_gmt":"2019-01-23T12:45:40","guid":{"rendered":"https:\/\/farmakon2019.atauni.edu.tr\/?page_id=1099"},"modified":"2019-08-31T20:39:42","modified_gmt":"2019-08-31T17:39:42","slug":"farmakon-2019","status":"publish","type":"page","link":"https:\/\/farmakon2019.atauni.edu.tr\/","title":{"rendered":"Anasayfa"},"content":{"rendered":"\t\t<div data-elementor-type=\"wp-post\" data-elementor-id=\"1099\" class=\"elementor elementor-1099 elementor-bc-flex-widget\">\n\t\t\t\t\t\t<div class=\"elementor-inner\">\n\t\t\t\t<div class=\"elementor-section-wrap\">\n\t\t\t\t\t\t\t\t\t<section class=\"elementor-section elementor-top-section elementor-element elementor-element-7b0ac6a5 elementor-section-boxed elementor-section-height-default elementor-section-height-default\" data-id=\"7b0ac6a5\" data-element_type=\"section\">\n\t\t\t\t\t\t<div class=\"elementor-container elementor-column-gap-default\">\n\t\t\t\t\t\t\t<div class=\"elementor-row\">\n\t\t\t\t\t<div class=\"elementor-column elementor-col-100 elementor-top-column elementor-element elementor-element-5df2197a\" data-id=\"5df2197a\" data-element_type=\"column\">\n\t\t\t<div class=\"elementor-column-wrap elementor-element-populated\">\n\t\t\t\t\t\t\t<div class=\"elementor-widget-wrap\">\n\t\t\t\t\t\t<div class=\"elementor-element elementor-element-0fe7595 elementor-widget elementor-widget-spacer\" data-id=\"0fe7595\" data-element_type=\"widget\" data-widget_type=\"spacer.default\">\n\t\t\t\t<div class=\"elementor-widget-container\">\n\t\t\t\t\t<div class=\"elementor-spacer\">\n\t\t\t<div class=\"elementor-spacer-inner\"><\/div>\n\t\t<\/div>\n\t\t\t\t<\/div>\n\t\t\t\t<\/div>\n\t\t\t\t<div class=\"elementor-element elementor-element-1714e4f3 elementor-widget elementor-widget-text-editor\" data-id=\"1714e4f3\" data-element_type=\"widget\" data-widget_type=\"text-editor.default\">\n\t\t\t\t<div class=\"elementor-widget-container\">\n\t\t\t\t\t\t\t\t<div class=\"elementor-text-editor elementor-clearfix\">\n\t\t\t\t<p><!-- wp:paragraph --><\/p>\n<p><!-- \/wp:paragraph --><\/p>\n<p><!-- wp:paragraph --><\/p>\n<p>De\u011ferli Akademisyenler ve \u00d6\u011frencilerimiz<\/p>\n<p><!-- \/wp:paragraph --><\/p>\n<p><!-- wp:paragraph --><\/p>\n<p><strong>Ulusal Eczac\u0131l\u0131k \u00d6\u011frenci Kongresi 5. Farmakon 2019<\/strong>,\u00a0<strong>18-20 Ekim 2019<\/strong>\u00a0tarihleri aras\u0131nda Atat\u00fcrk \u00dcniversitesi Eczac\u0131l\u0131k Fak\u00fcltesi \u00f6\u011frencileri taraf\u0131ndan d\u00fczenlenecektir.<\/p>\n<p><!-- \/wp:paragraph --><\/p>\n<p><!-- wp:paragraph --><\/p>\n<p>Bu kongre ile siz de\u011ferli bilim insanlar\u0131n\u0131 ve Eczac\u0131l\u0131k Fak\u00fcltesi \u00f6\u011frencilerini bir araya getirerek bilgi payla\u015f\u0131m\u0131n\u0131n yap\u0131lmas\u0131, birlikteliklerin sa\u011flanmas\u0131 ve Erzurum\u2019un turistik-k\u00fclt\u00fcrel \u00f6zelliklerinin tan\u0131t\u0131lmas\u0131 hedeflenmektedir. Bu ama\u00e7la, sizleri kongremizde ve Do\u011fu Anadolu\u2019nun s\u0131cak \u015fehri\u00a0<strong>Erzurum\u2019da<\/strong>\u00a0a\u011f\u0131rlamaktan mutluluk duyaca\u011f\u0131m\u0131z\u0131 belirtmek istiyoruz.<\/p>\n<p><!-- \/wp:paragraph --><\/p>\n<p><!-- wp:paragraph {\"align\":\"left\"} --><\/p>\n<p style=\"text-align: left;\">Hep birlikte bilimsel standard\u0131 y\u00fcksek ve gelecekte g\u00fczel an\u0131larla an\u0131lacak bir kongre ger\u00e7ekle\u015ftirece\u011fimize inan\u0131yoruz.<\/p>\n<p><!-- \/wp:paragraph --><\/p>\n<p><!-- wp:paragraph --><\/p>\n<p>Bu ama\u00e7 do\u011frultusunda<strong>\u00a0Erzurum\u2019da<\/strong>ger\u00e7ekle\u015ftirece\u011fimiz\u00a0<strong>Ulusal Eczac\u0131l\u0131k \u00d6\u011frenci Kongresi 5. Farmakon 2019\u2019a<\/strong>\u00a0t\u00fcm akademisyenlerimizi ve \u00f6\u011frencilerimizi davet ediyoruz. Kongremize kat\u0131larak destek vermenizi bekliyoruz.<\/p>\n<p><!-- \/wp:paragraph --><\/p>\n<p><!-- wp:paragraph --><\/p>\n<p><strong>Anadolu\u2019nun zirvesi Erzurum\u2019da bulu\u015fmak dile\u011fiyle\u2026<\/strong><\/p>\n<p><!-- \/wp:paragraph --><\/p>\n<p><!-- wp:paragraph --><\/p>\n<p>D\u00fczenleme Kurulu Ad\u0131na Sayg\u0131 ve Sevgilerimi Sunar\u0131m.<\/p>\n<p><!-- \/wp:paragraph --><\/p>\n<p><!-- wp:paragraph --><\/p>\n<p><strong>Prof. Dr. Y\u00fccel KADIO\u011eLU, Dekan<\/strong><\/p>\n<p><!-- \/wp:paragraph --><\/p>\n<p><!-- wp:paragraph --><\/p>\n<p><strong>Kongre Ba\u015fkan\u0131<\/strong><\/p>\n<p><!-- \/wp:paragraph --><\/p>\n<p><!-- wp:paragraph --><\/p>\n<p>Kay\u0131t adresi i\u00e7in\u00a0<a href=\"https:\/\/forms.gle\/nWd2UutXTvGU2PoL9\">TIKLAYINIZ<\/a><a href=\"http:\/\/farmakon2017.atauni.edu.tr\/index.php\/kayit-2\/\">.<\/a><\/p>\n<p><!-- \/wp:paragraph --><\/p>\n<p><!-- wp:paragraph --><\/p>\n<p>E-mail: farmakon2019@atauni.edu.tr<\/p>\n<p><!-- \/wp:paragraph --><\/p>\t\t\t\t\t<\/div>\n\t\t\t\t\t\t<\/div>\n\t\t\t\t<\/div>\n\t\t\t\t\t\t<\/div>\n\t\t\t\t\t<\/div>\n\t\t<\/div>\n\t\t\t\t\t\t\t\t<\/div>\n\t\t\t\t\t<\/div>\n\t\t<\/section>\n\t\t\t\t\t\t\t\t\t<\/div>\n\t\t\t<\/div>\n\t\t\t\t\t<\/div>\n\t\t","protected":false},"excerpt":{"rendered":"<p>De\u011ferli Akademisyenler ve \u00d6\u011frencilerimiz Ulusal Eczac\u0131l\u0131k \u00d6\u011frenci Kongresi 5. Farmakon 2019,\u00a018-20 Ekim 2019\u00a0tarihleri aras\u0131nda Atat\u00fcrk \u00dcniversitesi Eczac\u0131l\u0131k Fak\u00fcltesi \u00f6\u011frencileri taraf\u0131ndan d\u00fczenlenecektir. Bu kongre ile siz de\u011ferli bilim insanlar\u0131n\u0131 ve Eczac\u0131l\u0131k&#8230;<\/p>\n","protected":false},"author":1,"featured_media":0,"parent":0,"menu_order":1,"comment_status":"closed","ping_status":"closed","template":"","meta":[],"_links":{"self":[{"href":"https:\/\/farmakon2019.atauni.edu.tr\/index.php\/wp-json\/wp\/v2\/pages\/1099"}],"collection":[{"href":"https:\/\/farmakon2019.atauni.edu.tr\/index.php\/wp-json\/wp\/v2\/pages"}],"about":[{"href":"https:\/\/farmakon2019.atauni.edu.tr\/index.php\/wp-json\/wp\/v2\/types\/page"}],"author":[{"embeddable":true,"href":"https:\/\/farmakon2019.atauni.edu.tr\/index.php\/wp-json\/wp\/v2\/users\/1"}],"replies":[{"embeddable":true,"href":"https:\/\/farmakon2019.atauni.edu.tr\/index.php\/wp-json\/wp\/v2\/comments?post=1099"}],"version-history":[{"count":6,"href":"https:\/\/farmakon2019.atauni.edu.tr\/index.php\/wp-json\/wp\/v2\/pages\/1099\/revisions"}],"predecessor-version":[{"id":1123,"href":"https:\/\/farmakon2019.atauni.edu.tr\/index.php\/wp-json\/wp\/v2\/pages\/1099\/revisions\/1123"}],"wp:attachment":[{"href":"https:\/\/farmakon2019.atauni.edu.tr\/index.php\/wp-json\/wp\/v2\/media?parent=1099"}],"curies":[{"name":"wp","href":"https:\/\/api.w.org\/{rel}","templated":true}]}}